{"id":42,"date":"2021-01-27T13:20:44","date_gmt":"2021-01-27T13:20:44","guid":{"rendered":"https:\/\/www.deklerkvisniekus.com\/?page_id=42"},"modified":"2025-03-13T10:25:05","modified_gmt":"2025-03-13T10:25:05","slug":"advocatuur","status":"publish","type":"page","link":"https:\/\/www.studiojente-projecten.nl\/avk-partners\/advocatuur\/","title":{"rendered":"Advocatuur"},"content":{"rendered":"\n<h4 class=\"wp-block-heading\" style=\"font-size:22px\">De gerechtsdeurwaarder voor de advocatuur<\/h4>\n\n\n\n<p>Voor advocaten is AVK Gerechtsdeurwaarders het gerechtsdeurwaarderskantoor \u201com de hoek.\u201d De kantoren zijn goed bereikbaar. Communiceren met de gerechtsdeurwaarder zelf is voor ons vanzelfsprekend. Dit kan per e-mail, telefoon of via Whatsapp.<\/p>\n\n\n\n<p><strong>Wat wij voor u doen<\/strong><\/p>\n\n\n\n<p>Wij verzorgen alle ambtshandelingen snel en effici\u00ebnt, zoals:<br>&#8211; het betekenen van allerhande exploten,<br>&#8211; het tenuitvoerleggen van vonnissen,<br>&#8211; het nemen van conservatoire maatregelen zoals bijvoorbeeld derdenbeslag en aandelenbeslag,<br>&#8211; het opmaken van akten van constatering.<\/p>\n\n\n\n<p><strong>Landelijke dekking<\/strong><\/p>\n\n\n\n<p>Wij verzorgen zelf de ambtshandelingen in de provincies Gelderland, Overijssel en Utrecht. Daarbuiten maken wij gebruik van ons netwerk collega-gerechtsdeurwaarders in Nederland. Wilt u ambtshandelingen in heel Nederland laten uitvoeren dan kunnen wij dit voor u verzorgen. U heeft dan \u00e9\u00e9n aanleveradres en \u00e9\u00e9n aanspreekpunt voor al uw opdrachten in Nederland. U levert de stukken aan, wij verzorgen de rest voor u.<\/p>\n\n\n\n<p><strong>Opdrachten online aanbieden<\/strong><\/p>\n\n\n\n<p>U kunt uw opdrachten online aanbieden middels het formulier achter onderstaande knop. In het formulier kunt u de documenten uploaden en direct meesturen. Uw opdracht wordt uitgevoerd volgens onze <a href=\"https:\/\/www.studiojente-projecten.nl\/avk-partners\/wp-content\/uploads\/2023\/11\/algemene-voorwaarden.pdf\" target=\"_blank\" rel=\"noopener\" title=\"\"><strong>algemene voorwaarden<\/strong><\/a> en de geldende <a href=\"https:\/\/www.studiojente-projecten.nl\/avk-partners\/wp-content\/uploads\/2025\/03\/20250312124545900.pdf\" target=\"_blank\" rel=\"noopener\" title=\"\"><strong>tarieven<\/strong><\/a>. Na ontvangst zullen wij uw opdracht bevestigen en deze zo spoedig mogelijk uitvoeren. Na uitvoering van de opdracht ontvangt u bericht dat de ambtshandeling is verricht. Zo blijft u precies op de hoogte.<\/p>\n\n\n\n<div class=\"wp-block-buttons is-layout-flex wp-block-buttons-is-layout-flex\">\n<div class=\"wp-block-button\"><a class=\"wp-block-button__link has-text-color has-background wp-element-button\" href=\"https:\/\/www.studiojente-projecten.nl\/avk-partners\/opdracht-aanbieden\/\" style=\"border-radius:5px;color:#ffffff;background-color:#e41f13\" rel=\"https:\/\/www.studiojente-projecten.nl\/avk-partners\/opdracht-aanbieden\/\">Uw opdracht online aanbieden<\/a><\/div>\n<\/div>\n\n\n\n<div style=\"height:15px\" aria-hidden=\"true\" class=\"wp-block-spacer\"><\/div>\n\n\n\n<p><strong>Samenwerken<\/strong><\/p>\n\n\n\n<p>Wij willen graag met u samenwerken! Daarom komen wij graag in contact met u om inzicht te geven in de wijze waarop wij u kunnen ontzorgen. Het enige wat u hoeft te doen is contact met ons op te nemen. Een van de gerechtsdeurwaarders komt dan bij u langs om kennis te maken en om met u te bespreken wat wij voor u kunnen betekenen. <\/p>\n\n\n\n<div class=\"wp-block-buttons is-layout-flex wp-block-buttons-is-layout-flex\">\n<div class=\"wp-block-button\"><a class=\"wp-block-button__link has-text-color has-background wp-element-button\" href=\"https:\/\/www.studiojente-projecten.nl\/avk-partners\/contact\/\" style=\"border-radius:5px;color:#ffffff;background-color:#e41f13\" rel=\"https:\/\/www.studiojente-projecten.nl\/avk-partners\/contact\/\">Neem contact met ons op<\/a><\/div>\n<\/div>\n","protected":false},"excerpt":{"rendered":"<p>De gerechtsdeurwaarder voor de advocatuur Voor advocaten is AVK Gerechtsdeurwaarders het gerechtsdeurwaarderskantoor \u201com de hoek.\u201d De kantoren zijn goed bereikbaar. Communiceren met de gerechtsdeurwaarder zelf is voor ons vanzelfsprekend. Dit kan per e-mail, telefoon of via Whatsapp. Wat wij voor u doen Wij verzorgen alle ambtshandelingen snel en effici\u00ebnt, zoals:&#8211; het betekenen van allerhande exploten,&#8211; [&hellip;]<\/p>\n","protected":false},"author":1,"featured_media":0,"parent":0,"menu_order":0,"comment_status":"closed","ping_status":"closed","template":"pages\/compact.php","meta":{"footnotes":""},"class_list":["post-42","page","type-page","status-publish","hentry"],"aioseo_notices":[],"_links":{"self":[{"href":"https:\/\/www.studiojente-projecten.nl\/avk-partners\/wp-json\/wp\/v2\/pages\/42","targetHints":{"allow":["GET"]}}],"collection":[{"href":"https:\/\/www.studiojente-projecten.nl\/avk-partners\/wp-json\/wp\/v2\/pages"}],"about":[{"href":"https:\/\/www.studiojente-projecten.nl\/avk-partners\/wp-json\/wp\/v2\/types\/page"}],"author":[{"embeddable":true,"href":"https:\/\/www.studiojente-projecten.nl\/avk-partners\/wp-json\/wp\/v2\/users\/1"}],"replies":[{"embeddable":true,"href":"https:\/\/www.studiojente-projecten.nl\/avk-partners\/wp-json\/wp\/v2\/comments?post=42"}],"version-history":[{"count":35,"href":"https:\/\/www.studiojente-projecten.nl\/avk-partners\/wp-json\/wp\/v2\/pages\/42\/revisions"}],"predecessor-version":[{"id":2112,"href":"https:\/\/www.studiojente-projecten.nl\/avk-partners\/wp-json\/wp\/v2\/pages\/42\/revisions\/2112"}],"wp:attachment":[{"href":"https:\/\/www.studiojente-projecten.nl\/avk-partners\/wp-json\/wp\/v2\/media?parent=42"}],"curies":[{"name":"wp","href":"https:\/\/api.w.org\/{rel}","templated":true}]}}